{"id":1407,"date":"2020-10-01T06:51:36","date_gmt":"2020-10-01T06:51:36","guid":{"rendered":"http:\/\/reuniotecnicacrac.com\/avis-legal\/"},"modified":"2024-01-23T13:49:56","modified_gmt":"2024-01-23T12:49:56","slug":"legal-notice","status":"publish","type":"page","link":"https:\/\/reuniotecnicacrac.com\/en\/legal-notice\/","title":{"rendered":"Legal notice"},"content":{"rendered":"<p><strong>Objecte i Informaci\u00f3 General<\/strong><\/p>\n<p>El present Av\u00eds Legal regula l\u2019acc\u00e9s i \u00fas de la p\u00e0gina web \u00a0<a href=\"http:\/\/reuniotecnicacrac.com\/\" target=\"_blank\" rel=\"noopener noreferrer\" data-saferedirecturl=\"https:\/\/www.google.com\/url?q=http:\/\/www.reuniotecnicacrac.com&amp;source=gmail&amp;ust=1601619871296000&amp;usg=AFQjCNEn6GnywPPp3hZ9Cv-bpxwoHRruFA\">www.reuniotecnicacrac.com<\/a> (d\u2019ara en endavant, \u201cla Web\u201d), que CRAC posa a disposici\u00f3 dels usuaris\/es, en qualitat de titular i gestora d\u2019aquests mateixos.<\/p>\n<p>Les dades de CRAC s\u00f3n les seg\u00fcents:<\/p>\n<p>Denominaci\u00f3: ASSOCIACI\u00d3 PROFESSIONAL \u201cCONSERVADORS-RESTAURADORS ASSOCIATS DE CATALUNYA\u201d (CRAC)<\/p>\n<p>Direcci\u00f3: Passatge Escudellers, 5. 08002 Barcelona.<\/p>\n<p>Correu electr\u00f2nic:\u00a0<span id=\"cloak646\"><a href=\"mailto:info@cracpatrimoni.com\">info@cracpatrimoni.com<\/a><\/span><\/p>\n<p>Inscrita al Registre d\u2019Associacions: 51518<\/p>\n<p>Aquest Av\u00eds Legal regeix l\u2019acc\u00e9s i \u00fas de la Web. No obstant, la utilitzaci\u00f3 d\u2019espais o serveis continguts a la Web pot estar subjecta a altres condicions d\u2019utilitzaci\u00f3. En aquest cas, s\u2019hauran de complir igualment les condicions que corresponguin, de les quals s\u2019informar\u00e0 degudament.<\/p>\n<p>CRAC es reserva el dret de, en qualsevol moment, completar, modificar o substituir el present Av\u00eds Legal, aix\u00ed com qualsevol altra condici\u00f3 general o particular, donat per ent\u00e8s que la mera publicaci\u00f3 de tals canvis a la Web tindr\u00e0 efectes de notificaci\u00f3. \u00c9s per aquest motiu que preguem a l\u2019usuari\/a que les llegeixi atentament cada vegada que accedeixi al Portal, abstenint-se de fer \u00fas de la Web si no estigu\u00e9s d\u2019acord amb qualsevol de les condiciones establertes.<\/p>\n<p><strong>Drets i obligacions de l\u2019Usuari.<\/strong><\/p>\n<p>L\u2019acc\u00e9s a la Web \u00e9s responsabilitat exclusiva dels\/les Usuaris\/es, i suposa acceptar i con\u00e8ixer les advert\u00e8ncies legals, condicions i termes d\u2019\u00fas vigents en cada moment, motiu pel qual aquests\/es han de llegir atentament el present Av\u00eds Legal sempre que accedeixin a la Web. La utilitzaci\u00f3 de qualsevol dels serveis oferts atribueix, des del seu inici, la condici\u00f3 d\u2019Usuari\/a i ser\u00e0 considerada acceptaci\u00f3 expressa, volunt\u00e0ria i sense reserves d\u2019aquest Av\u00eds Legal.<\/p>\n<p>Per l\u2019acc\u00e9s als serveis de la Web, en tot all\u00f2 que no tingui car\u00e0cter gratu\u00eft o imposi una s\u00e8rie d\u2019obligacions, el\/la Usuari\/a haur\u00e0 de ser major d\u2019edat i disposar de la capacitat legal i representaci\u00f3 necess\u00e0ria per contractar.<\/p>\n<p>La utilitzaci\u00f3 dels serveis oferts a la Web implica que el\/la Usuari\/a ha acceptat complir amb els requisits de tals serveis i l\u2019Av\u00eds Legal de la Web.<\/p>\n<p>El\/La Usuari\/a que accedeix a la web es compromet a complir aquest Av\u00eds Legal i les especials instruccions d\u2019\u00fas que se li mostrin en cada moment. Aix\u00ed mateix, es compromet a obrar sempre conforme a la Llei, als bons costums i amb bona fe, utilitzant la dilig\u00e8ncia adequada a la naturalesa del servei que es tracti. Aix\u00ed doncs, el\/la Usuari\/a no podr\u00e0 efectuar cap modificaci\u00f3 ni cap alteraci\u00f3 dels continguts de la Web, a excepci\u00f3 de les dades que el\/la Usuari\/a hagi introdu\u00eft, ni perjudicar\u00e0 de cap manera la seva integritat o el seu funcionament.<\/p>\n<p>CRAC podr\u00e0 suprimir o suspendre l\u2019acc\u00e9s a la Web a l\u2019\/la Usuari\/a que hagi incomplert qualsevol de les obligacions expressades en aquest Av\u00eds Legal. El\/La Usuari\/a que incompleixi volunt\u00e0riament qualsevol de las obligacions precedents respondr\u00e0 de tots els danys i perjudicis que, com a conseq\u00fc\u00e8ncia d\u2019aquests mateixos, causi a CRAC.<\/p>\n<p><strong>Exclusi\u00f3 de Responsabilitat.<\/strong><\/p>\n<p>CRAC es reserva el dret a interrompre l\u2019acc\u00e9s a la Web, aix\u00ed com la prestaci\u00f3 de qualsevol o de tots els serveis que es presten a trav\u00e9s de la mateixa, en qualsevol moment i sense previ av\u00eds, ja sigui per motius t\u00e8cnics, de seguretat, de manteniment, per falta de subministrament el\u00e8ctric o per qualsevol altra causa.<\/p>\n<p>CRAC no es responsabilitza de les decisions preses a partir de la informaci\u00f3 subministrada a la p\u00e0gina, ni dels danys i perjudicis produ\u00efts en el\/la Usuari\/a derivats de dita informaci\u00f3.<\/p>\n<p>CRAC no es responsabilitza dels danys i perjudicis de qualsevol tipus produ\u00efts a l\u2019\/la Usuari\/a derivats de fallades en la connexi\u00f3 a les xarxes de telecomunicacions que produeixin la suspensi\u00f3, cancel\u00b7laci\u00f3 o interrupci\u00f3 del servei de la Web o per causes de for\u00e7a major o de cas fortu\u00eft.<\/p>\n<p><strong>Propietat Intel\u00b7lectual i Industrial. Hipervincles.<\/strong><\/p>\n<p>Tots els continguts, marques, dissenys, logotips, icones, software, noms comercials, noms de domini, i qualsevol altre signe o element susceptible de protecci\u00f3 per dret de propietat intel\u00b7lectual o industrial que formin part de la Web s\u00f3n propietat de CRAC o de domini p\u00fablic o de tercers que han autoritzat degudament la seva inclusi\u00f3 en aquesta i que figuren com a autors o titulars dels drets.<\/p>\n<p>En cap cas s\u2019entendr\u00e0 que es concedeix cap mena de llic\u00e8ncia o s\u2019efectua ren\u00fancia, transmissi\u00f3, cessi\u00f3 total o parcial d\u2019aquests drets, ni es confereix cap dret, i en especial, d\u2019explotaci\u00f3, reproducci\u00f3, distribuci\u00f3, transformaci\u00f3 o comunicaci\u00f3 p\u00fablica sobre aquests continguts sense la pr\u00e8via autoritzaci\u00f3 expressa i per escrit de CRAC o dels tercers corresponents. Les violacions de qualsevol dels drets de propietat intel\u00b7lectual o industrial als que es fa refer\u00e8ncia en aquest apartat seran perseguides mitjan\u00e7ant les accions penals i civils contemplades a la legislaci\u00f3 vigent.<\/p>\n<p>Els\/les Usuaris\/es i, en general, aquelles persones que es proposin establir un hipervincle entre la seva p\u00e0gina web i la Web (d\u2019ara en endavant anomenat l\u2019\u201cHipervincle\u201d) hauran de comptar amb l\u2019autoritzaci\u00f3 expressa de CRAC i complir les condicions seg\u00fcents:<\/p>\n<p>&#8211;\u00a0\u00a0\u00a0\u00a0\u00a0\u00a0\u00a0\u00a0\u00a0\u00a0L\u2019Hipervincle \u00fanicament permetr\u00e0 l\u2019acc\u00e9s a la home-page o p\u00e0gina d\u2019inici de la Web, o al punt concret que autoritzi CRAC;<\/p>\n<p>&#8211;\u00a0\u00a0\u00a0\u00a0\u00a0\u00a0\u00a0\u00a0\u00a0\u00a0No es crear\u00e0 un frame sobre p\u00e0gines web de la Web;<\/p>\n<p>&#8211;\u00a0\u00a0\u00a0\u00a0\u00a0\u00a0\u00a0\u00a0\u00a0\u00a0No es realitzaran manifestacions o indicacions falses, inexactes o incorrectes sobre CRAC, els seus directius, persones i els seus productes;<\/p>\n<p>&#8211;\u00a0\u00a0\u00a0\u00a0\u00a0\u00a0\u00a0\u00a0\u00a0\u00a0No es declarar\u00e0 ni es far\u00e0 entendre que CRAC ha autoritzat l\u2019Hipervincle o que ha supervisat o assumit de qualsevol forma els serveis oferts o posats a disposici\u00f3 de la p\u00e0gina web en la que s\u2019estableix l\u2019Hipervincle;<\/p>\n<p>&#8211;\u00a0\u00a0\u00a0\u00a0\u00a0\u00a0\u00a0\u00a0\u00a0\u00a0A excepci\u00f3 d\u2019aquells que formin part del mateix Hipervincle, no contindr\u00e0 cap marca, nom comercial, r\u00e8tol d\u2019establiment, denominaci\u00f3, logotip, esl\u00f2gan o altres signes distintius pertanyents a CRAC.<\/p>\n<p>&#8211;\u00a0\u00a0\u00a0\u00a0\u00a0\u00a0\u00a0\u00a0\u00a0\u00a0La p\u00e0gina web en la que s\u2019estableix l\u2019Hipervincle no contindr\u00e0 informacions o continguts il\u00b7l\u00edcits, contraris a la moral i a las bones costums generalment acceptades i l\u2019ordre p\u00fablic, aix\u00ed com tampoc contindr\u00e0 continguts contraris a qualsevol dels drets a tercers.<\/p>\n<p>L\u2019establiment de l\u2019Hipervincle no implica en cap cas l\u2019exist\u00e8ncia de relacions entre CRAC i el propietari de la p\u00e0gina web en la que s\u2019estableixi, ni l\u2019acceptaci\u00f3 i aprovaci\u00f3 per part de CRAC dels seus continguts o serveis.5.<\/p>\n<p><strong>Protecci\u00f3 de dades.<\/strong><\/p>\n<p>CRAC compleix amb la normativa sobre protecci\u00f3 de dades. En aquells llocs de la Web on es sol\u00b7licitin dades s\u2019informar\u00e0 degudament de tot all\u00f2 exigit per dita normativa al respecte.<\/p>\n<p>No s\u2019autoritza a que les dades d\u2019aquells socis\/es que apareguin al Directori puguin ser utilitzades per remetre\u2019ls publicitat per cap mitj\u00e0.<\/p>\n<p><strong>Cookies<\/strong><\/p>\n<p>S\u2019informa que en el programa de navegaci\u00f3 per Internet dels Usuari\/es es pot administrar l\u2019acceptaci\u00f3 de cookies i, si aix\u00ed ho desitgen, bloquejar-les. La pol\u00edtica de cookies de CRAC \u00e9s consultable a la Web.<\/p>\n<p><strong>Llei Aplicable.<\/strong><\/p>\n<p>El present Av\u00eds Legal es regeix per la llei espanyola. Per als casos en que la normativa prevegi la possibilitat a les parts de sotmetre\u2019s a un fur, ambdues parts, amb renuncia expressa de qualsevol altre que els pogu\u00e9s correspondre, es sotmeten als Jutjats i Tribunals de la ciutat de Barcelona (Espanya).<\/p>\n","protected":false},"excerpt":{"rendered":"<p>Objecte i Informaci\u00f3 General El present Av\u00eds Legal regula l\u2019acc\u00e9s i \u00fas de la p\u00e0gina web \u00a0www.reuniotecnicacrac.com (d\u2019ara en endavant, \u201cla Web\u201d), que CRAC posa a disposici\u00f3 dels usuaris\/es, en &#8230;<\/p>\n","protected":false},"author":1,"featured_media":0,"parent":0,"menu_order":0,"comment_status":"closed","ping_status":"closed","template":"","meta":{"_acf_changed":false,"footnotes":""},"class_list":["post-1407","page","type-page","status-publish","hentry"],"acf":[],"_links":{"self":[{"href":"https:\/\/reuniotecnicacrac.com\/en\/wp-json\/wp\/v2\/pages\/1407","targetHints":{"allow":["GET"]}}],"collection":[{"href":"https:\/\/reuniotecnicacrac.com\/en\/wp-json\/wp\/v2\/pages"}],"about":[{"href":"https:\/\/reuniotecnicacrac.com\/en\/wp-json\/wp\/v2\/types\/page"}],"author":[{"embeddable":true,"href":"https:\/\/reuniotecnicacrac.com\/en\/wp-json\/wp\/v2\/users\/1"}],"replies":[{"embeddable":true,"href":"https:\/\/reuniotecnicacrac.com\/en\/wp-json\/wp\/v2\/comments?post=1407"}],"version-history":[{"count":2,"href":"https:\/\/reuniotecnicacrac.com\/en\/wp-json\/wp\/v2\/pages\/1407\/revisions"}],"predecessor-version":[{"id":2105,"href":"https:\/\/reuniotecnicacrac.com\/en\/wp-json\/wp\/v2\/pages\/1407\/revisions\/2105"}],"wp:attachment":[{"href":"https:\/\/reuniotecnicacrac.com\/en\/wp-json\/wp\/v2\/media?parent=1407"}],"curies":[{"name":"wp","href":"https:\/\/api.w.org\/{rel}","templated":true}]}}