{"id":1408,"date":"2020-10-01T06:50:29","date_gmt":"2020-10-01T06:50:29","guid":{"rendered":"http:\/\/reuniotecnicacrac.com\/politica-de-privacitat\/"},"modified":"2024-01-23T13:52:58","modified_gmt":"2024-01-23T12:52:58","slug":"privacy-policy","status":"publish","type":"page","link":"https:\/\/reuniotecnicacrac.com\/en\/privacy-policy\/","title":{"rendered":"PRIVACY POLICY"},"content":{"rendered":"<p><strong>POL\u00cdTICA DE PROTECCI\u00d3 DE DADES-RGPD:<\/strong><\/p>\n<p>A l\u2019ASSOCIACI\u00d3 PROFESSIONAL &#8220;CONSERVADORS-RESTAURADORS ASSOCIATS DE CATALUNYA&#8221; (CRAC)\u00a0ens comprometem a assegurar que les seves dades de car\u00e0cter personal es troben protegides i no s\u2019utilitzen de forma indeguda. En facilitar-nos les seves dades personals i utilitzar el nostre lloc web, entenem que ha llegit i ent\u00e8s els termes relacionats amb la informaci\u00f3 de protecci\u00f3 de dades de car\u00e0cter personal que s\u2019exposen.<\/p>\n<p>&#8220;CONSERVADORS-RESTAURADORS ASSOCIATS DE CATALUNYA&#8221; (CRAC)\u00a0assumeix la responsabilitat de complir amb la legislaci\u00f3 vigent en mat\u00e8ria de protecci\u00f3 de dades nacional i europea (Reglament general de protecci\u00f3 de dades &#8211; Reglament (UE) 2016\/679, de 27 d\u2019abril de 2016, RGPD-) i t\u00e9 l\u2019objectiu de tractar les seves dades de manera l\u00edcita, legal i transparent.<\/p>\n<p><strong>I. Responsable del tractament de les seves dades personals.<\/strong><\/p>\n<p>CONSERVADORS-RESTAURADORS ASSOCIATS DE CATALUNYA (CRAC)<\/p>\n<p>C.I.F.: G-65953317<\/p>\n<p>Direcci\u00f3: Passatge Escudellers, 5. 08002 Barcelona<\/p>\n<p>Correu electr\u00f2nic:\u00a0<span id=\"cloak55748\"><a href=\"mailto:info@cracpatrimoni.com\">info@cracpatrimoni.com<\/a><\/span><\/p>\n<p><strong>II. Finalitats principals del tractament de les seves dades personals.<\/strong><\/p>\n<p>L\u2019informem que les seves dades seran incorporades a un fitxer o fitxers, responsabilitat de CRAC, i seran dedicades principalment a les finalitats relacionades amb la gesti\u00f3 d\u2019administraci\u00f3 general, manteniment, compliment, desenvolupament, control i gesti\u00f3 de la seva relaci\u00f3 amb nosaltres.<\/p>\n<p>Tamb\u00e9 li fem saber que les seves dades personals no seran segmentades.<\/p>\n<p>Les finalitats per les que es tractaran les dades que ens faciliti i aquelles que siguin obtingudes de la seva relaci\u00f3 amb nosaltres seran les seg\u00fcents:<\/p>\n<ul>\n<li>Fer-se soci:<\/li>\n<\/ul>\n<p>Les seves dades seran utilitzades per poder-lo donar d\u2019alta com a soci\/a en cas que es compleixin els requisits que s\u2019estableixen per CRAC, aix\u00ed com per al manteniment, compliment, desenvolupament i control de la seva condici\u00f3 de soci\/a. El detall complet de finalitats el trobar\u00e0 en el formulari per sol\u00b7licitar la seva inscripci\u00f3 com a soci\/a que apareix a la web de CRAC.<\/p>\n<ul>\n<li>Contacte:<\/li>\n<\/ul>\n<p>Si ens remet un correu electr\u00f2nic a trav\u00e9s d\u2019alguna de les direccions que apareixen de contacte dels formularis existents, aquesta s\u2019utilitzar\u00e0 per la gesti\u00f3 del seu contacte amb nosaltres, ja sigui per una consulta o per qualsevol altre motiu.<\/p>\n<ul>\n<li>Borsa de treball:<\/li>\n<\/ul>\n<p>Les dades que ens faciliti s\u2019utilitzaran amb la finalitat de gesti\u00f3 i selecci\u00f3 de personal. Si en dos mesos des de la data de recepci\u00f3 no ha rebut resposta per part nostra \u00e9s que no hem acceptat la seva sol\u00b7licitud i l\u2019informem que conservarem les dades per un per\u00edode inferior a dos anys per si en el futur entenem que encaixa dins dels perfils que es sol\u00b7liciten.<\/p>\n<ul>\n<li>Dades de tercers:<\/li>\n<\/ul>\n<p>Si vost\u00e8 ens ha facilitat dades personals d\u2019un tercer, haur\u00e0 d\u2019haver-lo informat i haver sol\u00b7licitat el seu consentiment dels extrems exposats en aquest Reglament amb car\u00e0cter previ.<\/p>\n<ul>\n<li>Dades de ponents i col\u00b7laboradors:<\/li>\n<\/ul>\n<p>Tractem aquestes dades amb la finalitat de mantenir, desenvolupar i controlar la relaci\u00f3 que es pugui establir entre les parts, complir amb les obligacions legals, i enviar informaci\u00f3 referent als serveis, activitats formatives i esdeveniments d\u2019inter\u00e8s de la CRAC.<\/p>\n<ul>\n<li>Xarxes socials:<\/li>\n<\/ul>\n<p>L\u2019informem que estem presents a les Xarxes Socials.<\/p>\n<p>El tractament de les dades que es realitzi de les persones que es facin seguidores (i\/o realitzin qualsevol vincle o acci\u00f3 de connexi\u00f3 a trav\u00e9s de les Xarxes Socials) de les p\u00e0gines oficials de CRAC a les Xarxes Socials, es regir\u00e0 per aquest apartat del Reglament, l\u2019Av\u00eds Legal de la web de CRAC, les Condicions d\u2019\u00fas, pol\u00edtiques de privacitat i la resta de normatives d\u2019acc\u00e9s, \u00fas i similars que pertanyin a la xarxa social que correspongui, les quals l\u2019usuari\/a de les Xarxes Socials haur\u00e0 acceptat pr\u00e8viament.<\/p>\n<p>CRAC tractar\u00e0 les seves dades amb la finalitat d\u2019administrar correctament la seva pres\u00e8ncia a la xarxa social que correspongui, informar-lo de les activitats, productes o serveis de CRAC o de tercers que puguin estar relacionats amb la nostra activitat, aix\u00ed com per qualsevol altra finalitat que les normatives de les Xarxes Socials puguin permetre.<\/p>\n<p>Les seves dades podran ser comunicades pel compliment de les obligacions legals i\/o contractuals existents.<\/p>\n<ul>\n<li>Dades de cookies:<\/li>\n<\/ul>\n<p>A la nostra p\u00e0gina no existeixen Hipervincles que permetin la comunicaci\u00f3 de les seves dades a altres p\u00e0gines web.<\/p>\n<p>En relaci\u00f3 a les cookies consulti la nostra: \u201cPol\u00edtica de cookies\u201d.<\/p>\n<p>Podem utilitzar cookies quan l\u2019usuari\/a navega per les diferents pantalles i p\u00e0gines de la nostra web amb la finalitat de recon\u00e8ixer als usuaris\/es per poder-los oferir un servei millor i m\u00e9s personalitzat. No obstant, al respecte, l\u2019usuari\/a podr\u00e0 controlar el nivell de seguretat del seu equip mitjan\u00e7ant l\u2019opci\u00f3 corresponent que tingui el seu programa navegador.<\/p>\n<p>La informaci\u00f3 obtinguda \u00e9s totalment an\u00f2nima, i en cap cas pot ser associada a un usuari concret ni identificar-lo.<\/p>\n<p>En resum, la finalitat del tractament de les seves dades personals \u00e9s: la gesti\u00f3 de les activitats de CRAC i dels seus \u00f2rgans de representaci\u00f3; la gesti\u00f3 de les relacions jur\u00eddiques i econ\u00f2miques entre CRAC i els seus socis; la gesti\u00f3 de les relacions de CRAC amb terceres persones jur\u00eddiques i f\u00edsiques, p\u00fabliques i privades; la gesti\u00f3 de les activitats de tot tipus que es desenvolupin en compliment de les finalitats de CRAC, aix\u00ed com per rebre informaci\u00f3 i publicitat de cursos, formaci\u00f3, productes i\/o serveis de la nostra entitat i de tercers relacionats amb el nostre sector, fins i tot per via electr\u00f2nica o similar.<\/p>\n<p><strong>III. Com obtenim les seves dades personals.<\/strong><\/p>\n<p>Informaci\u00f3 que vost\u00e8 ens facilita<\/p>\n<p>Obtenim les dades personals que vost\u00e8 ens facilita a trav\u00e9s de la nostra web, mitjan\u00e7ant formularis o camps a completar i a trav\u00e9s del correu electr\u00f2nic. En el moment de recollida se l\u2019informar\u00e0 de la nostra Pol\u00edtica de protecci\u00f3 de dades.<\/p>\n<p>Informaci\u00f3 que obtenim de les seves visites a la nostra web<\/p>\n<p>Obtenim i emmagatzemem informaci\u00f3 personal limitada i estad\u00edstiques globals an\u00f2nimes de tots aquells usuaris que visiten la nostra web, ja sigui perqu\u00e8 vost\u00e8 ens facilita aquesta informaci\u00f3 de forma activa o es trobi simplement navegant a la nostra web. Aquesta informaci\u00f3 s\u2019obt\u00e9 a trav\u00e9s de cookies. Per m\u00e9s informaci\u00f3 consulti la nostra \u201cPol\u00edtica de cookies\u201d<\/p>\n<p><strong>IV. Terminis de conservaci\u00f3.<\/strong><\/p>\n<p>Les dades personals proporcionades es conservaran i es tractaran en la mesura que les necessitem, amb la finalitat de poder-les utilitzar segons la finalitat per la qual van ser obtinguts i segons la base jur\u00eddica del tractament de les mateixes d\u2019acord amb la llei aplicable.<\/p>\n<p>Mantindrem les seves dades personals mentre existeixi una relaci\u00f3 o mentre no exerceixi el seu dret de supressi\u00f3, cancel\u00b7laci\u00f3 i\/o limitaci\u00f3 del tractament de les seves dades. En aquests casos, bloquejarem les seves dades, sense donar-los cap \u00fas, mentre puguin ser necess\u00e0ries per l\u2019exercici o defensa de reclamacions o pugui derivar-se algun tipus de responsabilitat judicial, legal o contractual del seu tractament, que hagi de ser atesa i per la qual sigui necess\u00e0ria la seva recuperaci\u00f3.<\/p>\n<p><strong>V. Legitimaci\u00f3 pel tractament de les seves dades personals.<\/strong><\/p>\n<p>La base legal per al tractament de les dades personals \u00e9s:<\/p>\n<p>&#8211; Pel compliment de la relaci\u00f3 amb els\/les socis\/es<\/p>\n<p>&#8211; Pel compliment de diferents obligacions legals<\/p>\n<p>&#8211; Per inter\u00e8s leg\u00edtim, per exemple, per motius de seguretat, gestionar consultes o sol\u00b7licituds<\/p>\n<p>&#8211; Amb el seu consentiment, per l\u2019enviament d\u2019informaci\u00f3 sobre l\u2019associaci\u00f3<\/p>\n<p>&#8211; L\u2019oferta de serveis est\u00e0 basada en el consentiment que se li sol\u00b7licita, sense que en cap cas la retirada d\u2019aquest consentiment condicioni l\u2019execuci\u00f3 del contracte o la relaci\u00f3 existent entre les parts<\/p>\n<p><strong>VI. Destinataris de la comunicaci\u00f3 de dades personals.<\/strong><\/p>\n<p>Les dades personals es comunicaran quan sigui necessari:<\/p>\n<ol>\n<li>A l\u2019entitat banc\u00e0ria on CRAC tingui el compte corrent per la domiciliaci\u00f3 de la quota de soci\/a.<\/li>\n<li>Les que resultin de l\u2019execuci\u00f3 dels Estatuts de l\u2019Associaci\u00f3 que declara con\u00e8ixer i acceptar.<\/li>\n<li>Les cessions que es realitzin sota qualsevol altre sup\u00f2sit previstes en la legislaci\u00f3 sobre\u00a0protecci\u00f3 de dades nacional i europea (Reglament general de protecci\u00f3 de dades -Reglament (UE) 2016\/679, de 27 d\u2019abril de 2016, RGPD).<\/li>\n<li>La publicaci\u00f3 a la p\u00e0gina web de l\u2019Associaci\u00f3 del seu nom, cognoms i c\u00e0rrec en cas de pert\u00e0nyer a la junta Directiva.<\/li>\n<\/ol>\n<p>CRAC comunica les dades personals a prestadors de serveis que puguin actuar com a encarregats del tractament de dades. Aquestes terceres empreses nom\u00e9s tenen acc\u00e9s a les dades personals necess\u00e0ries per dur a terme el servei. Se\u2019ls exigeix que mantinguin en confidencialitat la seva informaci\u00f3 personal i no poden utilitzar-la de cap altra forma que aquella que els hem sol\u00b7licitat.<\/p>\n<p>CRAC, amb la finalitat d\u2019elaborar estad\u00edstiques, podr\u00e0 proporcionar certa informaci\u00f3 sobre l\u2019usuari, de forma dissociada a tercers.<\/p>\n<p><strong>VIII. Els seus drets quan ens facilita les seves dades personals.<\/strong><\/p>\n<p>1. Quins drets l\u2019emparen en relaci\u00f3 al tractament de les seves dades?<\/p>\n<p>&#8211; Dret a sol\u00b7licitar l\u2019acc\u00e9s a les seves dades personals.<\/p>\n<p>&#8211; Dret a sol\u00b7licitar la seva rectificaci\u00f3 o supressi\u00f3.<\/p>\n<p>&#8211; Dret a sol\u00b7licitar la limitaci\u00f3 del seu tractament.<\/p>\n<p>&#8211; Dret a oposar-se al tractament.<\/p>\n<p>&#8211; Dret a la portabilitat de les dades.<\/p>\n<p>&#8211; Dret a retirar el consentiment prestat.<\/p>\n<p>Acc\u00e9s\/rectificaci\u00f3 i supressi\u00f3:\u00a0les persones interessades tenen dret a accedir a les seves dades personals, aix\u00ed com a sol\u00b7licitar la rectificaci\u00f3 de les dades inexactes o, en el seu cas, sol\u00b7licitar la seva supressi\u00f3 quan, entre altres motius, les dades ja no siguin necess\u00e0ries per l\u2019execuci\u00f3 del contracte.<\/p>\n<p>Limitaci\u00f3:\u00a0en determinades circumst\u00e0ncies, els interessats podran sol\u00b7licitar la limitaci\u00f3 del tractament de les seves dades, de manera que \u00fanicament les conservarem per l\u2019exercici o defensa de reclamacions.<\/p>\n<p>Oposici\u00f3:\u00a0els interessats podran oposar-se al tractament de les seves dades. CRAC deixar\u00e0 de tractar les dades, excepte per motius leg\u00edtims, imperiosos, o l\u2019exercici o defensa de possibles reclamacions, i les mantindrem degudament bloquejades durant el termini corresponent mentre persisteixin les obligacions legals.<\/p>\n<p>Igualment, l\u2019interessat t\u00e9 dret a oposar-se a l\u2019adopci\u00f3 de decisions individuals automatitzades que poguessin produir efectes jur\u00eddics o afectar-lo significativament.<\/p>\n<p>Portabilitat:\u00a0les persones interessades poden sol\u00b7licitar i rebre les dades que l\u2019incumbeixin i que ens hagi facilitat o sol\u00b7licitar que les enviem a un altre responsable del tractament de la seva elecci\u00f3, en un format estructurat d\u2019\u00fas com\u00fa i lectura mec\u00e0nica.<\/p>\n<p>2. Quan respondrem a la seva sol\u00b7licitud?<\/p>\n<p>Respondrem a les seves peticions com m\u00e9s aviat millor i, en tot cas, en el termini d\u2019un mes des de la recepci\u00f3 de la seva sol\u00b7licitud. Aquest termini podr\u00e0 prorrogar-se dos mesos m\u00e9s en cas necessari, tenint en compte la complexitat i el nombre de sol\u00b7licituds. El responsable informar\u00e0 a l\u2019interessat de la pr\u00f2rroga dins del primer mes des de la sol\u00b7licitud.<\/p>\n<p>3. Vost\u00e8 t\u00e9 dret a retirar el seu consentiment?<\/p>\n<p>L\u2019interessat t\u00e9 dret a retirar en qualsevol moment el consentiment prestat, sense que afecti a la licitud del tractament basat en el consentiment prestat en el moment de les seves subscripcions o aportaci\u00f3 de dades.<\/p>\n<p>4. On ha de dirigir-se per l\u2019exercici dels seus drets?<\/p>\n<p>Per l\u2019exercici dels seus drets, l\u2019interessat podr\u00e0 enviar una carta amb totes les seves dades, incloent fotocopia de DNI o passaport i indicaci\u00f3 del dret que s\u2019exerceix dirigint-se a\u00a0CONSERVADORS-RESTAURADORS ASSOCIATS DE CATALUNYA (CRAC),\u00a0Passatge Escudellers, 5. 08002 Barcelona o mitjan\u00e7ant un correu electr\u00f2nic a\u00a0<span id=\"cloak30388\"><a href=\"mailto:info@cracpatrimoni.com\">info@cracpatrimoni.com<\/a><\/span><\/p>\n<p>5. Vost\u00e8 t\u00e9 dret a reclamar?<\/p>\n<p>Quan no hagi obtingut satisfacci\u00f3 en l\u2019exercici dels seus drets, t\u00e9 dret a presentar reclamaci\u00f3 davant la \u201cAutoridad Nacional de Control\u201d, a tals efectes ha de dirigir-se a la \u201dAgencia Espa\u00f1ola de Protecci\u00f3n de Datos\u201d.<\/p>\n<p><strong>IX. Seguretat.<\/strong><\/p>\n<p>CRAC adopta i actualitza les seves mesures de seguretat organitzatives i t\u00e8cniques amb la finalitat de que el tractament de dades personals que realitza sigui conforme amb els requisits de la legislaci\u00f3 vigent en mat\u00e8ria de protecci\u00f3 de dades nacional i europea.<\/p>\n<p><strong>X. Comunicacions electr\u00f2niques.<\/strong><\/p>\n<p>En compliment de la\u00a0<em>Ley 34\/2002, de 11 de julio, de Servicios de la Sociedad de la Informaci\u00f3n y Comercio Electr\u00f3nico<\/em>, l\u2019informem que les direccions de correu electr\u00f2nic podran ser utilitzades per l\u2019enviament d\u2019informaci\u00f3 de la nostra organitzaci\u00f3. Si no desitja rebre informaci\u00f3 o vol revocar el consentiment atorgat pel tractament de les seves dades preguem que ho faci de la forma indicada anteriorment o dirigint-se a la direcci\u00f3 de correu electr\u00f2nic seg\u00fcent:\u00a0<a href=\"mailto:%3Cspan%20id=\">Aquesta adre\u00e7a de correu-e est\u00e0 protegida dels robots de spam.Necessites Javascript habilitat per veure-la.<\/a><a href=\"mailto:%3Cspan%20id=\">.&#8221;&gt;<span id=\"cloak80647\"><\/span><\/a><a href=\"mailto:info@cracpatrimoni.com\">info@cracpatrimoni.com<\/a>.<\/p>\n<p><strong>XI. Modificacions a la present informaci\u00f3 de protecci\u00f3 de dades.<\/strong><\/p>\n<p>CONSERVADORS-RESTAURADORS ASSOCIATS DE CATALUNYA (CRAC)\u00a0es reserva el dret de modificar la seva Pol\u00edtica de Protecci\u00f3 de Dades d\u2019acord amb la legislaci\u00f3 aplicable en cada moment. Qualsevol modificaci\u00f3 d\u2019aquesta Pol\u00edtica ser\u00e0 publicada en el lloc web.<\/p>\n<p>\u00daltima actualitzaci\u00f3: 10 de juliol de 2018<\/p>\n","protected":false},"excerpt":{"rendered":"<p>POL\u00cdTICA DE PROTECCI\u00d3 DE DADES-RGPD: A l\u2019ASSOCIACI\u00d3 PROFESSIONAL &#8220;CONSERVADORS-RESTAURADORS ASSOCIATS DE CATALUNYA&#8221; (CRAC)\u00a0ens comprometem a assegurar que les seves dades de car\u00e0cter personal es troben protegides i no s\u2019utilitzen de &#8230;<\/p>\n","protected":false},"author":1,"featured_media":0,"parent":0,"menu_order":0,"comment_status":"closed","ping_status":"closed","template":"","meta":{"_acf_changed":false,"footnotes":""},"class_list":["post-1408","page","type-page","status-publish","hentry"],"acf":[],"_links":{"self":[{"href":"https:\/\/reuniotecnicacrac.com\/en\/wp-json\/wp\/v2\/pages\/1408","targetHints":{"allow":["GET"]}}],"collection":[{"href":"https:\/\/reuniotecnicacrac.com\/en\/wp-json\/wp\/v2\/pages"}],"about":[{"href":"https:\/\/reuniotecnicacrac.com\/en\/wp-json\/wp\/v2\/types\/page"}],"author":[{"embeddable":true,"href":"https:\/\/reuniotecnicacrac.com\/en\/wp-json\/wp\/v2\/users\/1"}],"replies":[{"embeddable":true,"href":"https:\/\/reuniotecnicacrac.com\/en\/wp-json\/wp\/v2\/comments?post=1408"}],"version-history":[{"count":4,"href":"https:\/\/reuniotecnicacrac.com\/en\/wp-json\/wp\/v2\/pages\/1408\/revisions"}],"predecessor-version":[{"id":2108,"href":"https:\/\/reuniotecnicacrac.com\/en\/wp-json\/wp\/v2\/pages\/1408\/revisions\/2108"}],"wp:attachment":[{"href":"https:\/\/reuniotecnicacrac.com\/en\/wp-json\/wp\/v2\/media?parent=1408"}],"curies":[{"name":"wp","href":"https:\/\/api.w.org\/{rel}","templated":true}]}}