{"id":1475,"date":"2020-09-03T13:30:46","date_gmt":"2020-09-03T13:30:46","guid":{"rendered":"http:\/\/reuniotecnicacrac.com\/comite\/"},"modified":"2023-10-10T09:22:49","modified_gmt":"2023-10-10T08:22:49","slug":"committee","status":"publish","type":"page","link":"https:\/\/reuniotecnicacrac.com\/en\/committee\/","title":{"rendered":"COMMITTEE"},"content":{"rendered":"<h1><strong>Organizing Committee<\/strong><\/h1>\r\n<p><!-- \/wp:post-content -->\r\n\r\n<!-- wp:paragraph --><\/p>\r\n<p><strong>Board of Conservadors Restauradors Associats de Catalunya (CRAC):<\/strong><\/p>\r\n<p>Merc\u00e8 Gual, Ramon Sol\u00e9, Marta Freixa, Carles Rib\u00f3, Esther Llorca, Guillem Massalles, Gl\u00f2ria Palomares, Gl\u00f2ria Burjons, Patricia Rebollo, Isabel Garcia.<\/p>\r\n<p><a href=\"https:\/\/cracpatrimoni.com\/la-crac\/\" target=\"_blank\" rel=\"noopener noreferrer\"><strong><em><u>The Association. Who are we -CRAC- and what do we do?<\/u><\/em><\/strong><\/a><\/p>\r\n<!-- wp:separator {\"customColor\":\"#cdcdcd\",\"className\":\"is-style-wide\"} --><hr class=\"wp-block-separator has-text-color has-background is-style-wide\" style=\"background-color: #cdcdcd; color: #cdcdcd;\" \/><!-- \/wp:separator -->\r\n\r\n<!-- wp:group -->\r\n<div class=\"wp-block-group\">\r\n<div class=\"wp-block-group__inner-container\"><!-- wp:heading {\"level\":1} -->\r\n<h1><strong>Scientific Committee<\/strong><\/h1>\r\n<!-- \/wp:heading -->\r\n\r\n<!-- wp:paragraph -->\r\n<p>&nbsp;<\/p>\r\n<p><strong>Silvia Garc\u00eda Fern\u00e1ndez-Villa,<\/strong> PhD in Fine Arts. Professor of the Department of Painting and Conservation-Restoration of the Faculty of Fine Arts of the Complutense University of Madrid.<\/p>\r\n<p><strong>Esther Gual,<\/strong> conservator-restorer. Coordinator of the area of Contemporary Art and the Department of technical-scientific services at the Centre de Restauraci\u00f3 de B\u00e9ns Mobles de Catalunya. Supervisor of the radioactive installation at the CRBMC.<\/p>\r\n<p><strong>Rosina Herrera<\/strong>, PhD in Science and Restoration of Historic-Artistic Heritage. Photograph Conservator at the Rijksmuseum (Amsterdam).<\/p>\r\n<p><strong>Silvia Mar\u00edn<\/strong>, conservator-restorer and archaeologist. Professor of conservation-restoration of archaeological property at the ESCRBCC.<\/p>\r\n<p><strong>Silvia Noguer<\/strong>, conservator-restorer. Head of the Conservation-Restoration Department at MACBA.<\/p>\r\n<p><strong>Clara S\u00e1nchez-Dehesa<\/strong>, conservator-restorer. Coordinator of the program of the Arxiu El\u00edas Querejeta Zine Eskola.<br \/>Carlota Santab\u00e1rbara, curator-restorer, art historian and PhD in conservation of contemporary art. Research fellowship at the Department of Exhibitions of the Museo Nacional Centro de Arte Reina Sof\u00eda.<\/p>\r\n<p><strong>Anna Vila<\/strong>, conservator-restorer and PhD in analytical chemistry. Responsible for the conservation-restoration of the Contemporary Art Collection of La Caixa Foundation and professor of Preventive Conservation in the official Master in Archival and Document Management at the UAB.<\/p>\r\n<p><strong>Maria Vila<\/strong>, conservator-restorer. Preventive Conservation Technician at the Museu de Ci\u00e8ncies Naturals de Barcelona. Member of the Preventive Conservation Commission of the Xarxa de Museus de Ci\u00e8ncies Naturals de Catalunya.<\/p>\r\n<p><strong>Marta Vila<\/strong>, conservator-restorer. Associate professor in the Department of Conservation and Restoration at the Faculty of Fine Arts of the Universitat de Barcelona<\/p>\r\n<p>&nbsp;<\/p>\r\n<!-- \/wp:paragraph --><\/div>\r\n<\/div>\r\n<!-- \/wp:group -->\r\n\r\n<!-- wp:separator {\"customColor\":\"#cdcdcd\",\"className\":\"is-style-wide\"} --><hr class=\"wp-block-separator has-text-color has-background is-style-wide\" style=\"background-color: #cdcdcd; color: #cdcdcd;\" \/><!-- \/wp:separator -->\r\n\r\n<!-- wp:heading {\"level\":1} -->\r\n<h1><strong>Coordination<\/strong><\/h1>\r\n<p><!-- \/wp:heading -->\r\n\r\n<!-- wp:paragraph --><\/p>\r\n<p>N\u00faria Piqu\u00e9<\/p>\r\n<hr class=\"wp-block-separator has-text-color has-background is-style-wide\" style=\"background-color: #cdcdcd; color: #cdcdcd;\" \/>\r\n<p><!-- \/wp:paragraph -->\r\n\r\n<!-- wp:heading {\"level\":1} --><\/p>\r\n<h1><strong>Administrative Secretary<\/strong><\/h1>\r\n<p><!-- \/wp:heading -->\r\n\r\n<!-- wp:paragraph --><\/p>\r\n<p>Patricio Bottos<\/p>\r\n<hr class=\"wp-block-separator has-text-color has-background is-style-wide\" style=\"background-color: #cdcdcd; color: #cdcdcd;\" \/>\r\n<p><!-- \/wp:paragraph -->\r\n\r\n<!-- wp:heading {\"level\":1} --><\/p>\r\n<h1><strong>Acknowledgements<\/strong><\/h1>\r\n<p><!-- \/wp:heading -->\r\n\r\n<!-- wp:paragraph --><\/p>\r\n<p>Anna Badia<\/p>\r\n<p>Raquel Castillo<\/p>\r\n<p>Gemma Edo<\/p>\r\n<p>Miriam Lozano<\/p>\r\n<p>Joan Pifarr\u00e9<\/p>\r\n<p>S\u00edlvia Vill\u00e0<\/p>\r\n<!-- \/wp:paragraph -->","protected":false},"excerpt":{"rendered":"<p>Organizing Committee Board of Conservadors Restauradors Associats de Catalunya (CRAC): Merc\u00e8 Gual, Ramon Sol\u00e9, Marta Freixa, Carles Rib\u00f3, Esther Llorca, Guillem Massalles, Gl\u00f2ria Palomares, Gl\u00f2ria Burjons, Patricia Rebollo, Isabel Garcia. &#8230;<\/p>\n","protected":false},"author":1,"featured_media":0,"parent":0,"menu_order":0,"comment_status":"closed","ping_status":"closed","template":"","meta":{"_acf_changed":false,"footnotes":""},"class_list":["post-1475","page","type-page","status-publish","hentry"],"acf":[],"_links":{"self":[{"href":"https:\/\/reuniotecnicacrac.com\/en\/wp-json\/wp\/v2\/pages\/1475","targetHints":{"allow":["GET"]}}],"collection":[{"href":"https:\/\/reuniotecnicacrac.com\/en\/wp-json\/wp\/v2\/pages"}],"about":[{"href":"https:\/\/reuniotecnicacrac.com\/en\/wp-json\/wp\/v2\/types\/page"}],"author":[{"embeddable":true,"href":"https:\/\/reuniotecnicacrac.com\/en\/wp-json\/wp\/v2\/users\/1"}],"replies":[{"embeddable":true,"href":"https:\/\/reuniotecnicacrac.com\/en\/wp-json\/wp\/v2\/comments?post=1475"}],"version-history":[{"count":4,"href":"https:\/\/reuniotecnicacrac.com\/en\/wp-json\/wp\/v2\/pages\/1475\/revisions"}],"predecessor-version":[{"id":1738,"href":"https:\/\/reuniotecnicacrac.com\/en\/wp-json\/wp\/v2\/pages\/1475\/revisions\/1738"}],"wp:attachment":[{"href":"https:\/\/reuniotecnicacrac.com\/en\/wp-json\/wp\/v2\/media?parent=1475"}],"curies":[{"name":"wp","href":"https:\/\/api.w.org\/{rel}","templated":true}]}}