{"id":1815,"date":"2023-10-10T08:19:44","date_gmt":"2023-10-10T07:19:44","guid":{"rendered":"http:\/\/reuniotecnicacrac.com\/la-seu\/"},"modified":"2025-10-01T14:32:52","modified_gmt":"2025-10-01T13:32:52","slug":"la-sede","status":"publish","type":"page","link":"https:\/\/reuniotecnicacrac.com\/es\/la-sede\/","title":{"rendered":"La sede"},"content":{"rendered":"<h1>D\u00f3nde<\/h1>\n<p>La <strong>XVIII Reuni\u00f3n T\u00e9cnica<\/strong> de la CRAC se llevar\u00e1 a cabo en la sede del <strong>CaixaForum<\/strong> de Barcelona, uno de los centros culturales m\u00e1s din\u00e1micos e importantes de la ciudad.<\/p>\n<p>Situado a los pies de la monta\u00f1a de Montju\u00efc, esta joya modernista fue dise\u00f1ada por Josep Puig i Cadafalch en 1912 para albergar la f\u00e1brica textil <strong>Casaramona<\/strong>. Qued\u00f3 en desuso durante muchos a\u00f1os, hasta que en 1963 fue adquirida por \u201cLa Caixa\u201d y, gracias al mecenazgo de la Fundaci\u00f3n \u201dla Caixa\u201d, se rehabilit\u00f3 y reconvirti\u00f3 en el centro cultural que conocemos hoy en d\u00eda.<\/p>\n<p>M\u00e1s adelante fue declarado Monumento Hist\u00f3rico Art\u00edstico Nacional, actualmente catalogado como <strong>Bien Cultural de Inter\u00e9s Nacional<\/strong> (BCIN).<\/p>\n<p>Hoy en d\u00eda, el CaixaForum es uno de los equipamientos culturales m\u00e1s destacados de la ciudad: acoge exposiciones temporales, actividades culturales y educativas, y algunas de las obras m\u00e1s importantes de la Colecci\u00f3n de Arte Contempor\u00e1neo de la Fundaci\u00f3n \u201cla Caixa\u201d.<\/p>\n<p>Este a\u00f1o cede su Auditorio para acoger este congreso de la asociaci\u00f3n, ofreciendo un entorno \u00fanico donde el patrimonio hist\u00f3rico y la actividad cultural contempor\u00e1nea se dan la mano.<\/p>\n<p>&nbsp;<\/p>\n<h1>Direcci\u00f3n<\/h1>\n<p>Av. de Francesc Ferrer i Gu\u00e0rdia, 6-8. 08038 Barcelona<\/p>\n<h1>C\u00f3mo llegar<\/h1>\n<p><strong>Metro<\/strong> L1, L3, L8 Espanya<\/p>\n<p><strong>Tren<\/strong> R2, R2N, R4, R50, L3<\/p>\n<p><strong>Autob\u00fas<\/strong> H12, H16, X70, 902, VP<\/p>\n","protected":false},"excerpt":{"rendered":"<p>D\u00f3nde La XVIII Reuni\u00f3n T\u00e9cnica de la CRAC se llevar\u00e1 a cabo en la sede del CaixaForum de Barcelona, uno de los centros culturales m\u00e1s din\u00e1micos e importantes de la &#8230;<\/p>\n","protected":false},"author":1,"featured_media":0,"parent":0,"menu_order":0,"comment_status":"closed","ping_status":"closed","template":"page-seu.php","meta":{"_acf_changed":false,"footnotes":""},"class_list":["post-1815","page","type-page","status-publish","hentry"],"acf":[],"_links":{"self":[{"href":"https:\/\/reuniotecnicacrac.com\/es\/wp-json\/wp\/v2\/pages\/1815","targetHints":{"allow":["GET"]}}],"collection":[{"href":"https:\/\/reuniotecnicacrac.com\/es\/wp-json\/wp\/v2\/pages"}],"about":[{"href":"https:\/\/reuniotecnicacrac.com\/es\/wp-json\/wp\/v2\/types\/page"}],"author":[{"embeddable":true,"href":"https:\/\/reuniotecnicacrac.com\/es\/wp-json\/wp\/v2\/users\/1"}],"replies":[{"embeddable":true,"href":"https:\/\/reuniotecnicacrac.com\/es\/wp-json\/wp\/v2\/comments?post=1815"}],"version-history":[{"count":5,"href":"https:\/\/reuniotecnicacrac.com\/es\/wp-json\/wp\/v2\/pages\/1815\/revisions"}],"predecessor-version":[{"id":2207,"href":"https:\/\/reuniotecnicacrac.com\/es\/wp-json\/wp\/v2\/pages\/1815\/revisions\/2207"}],"wp:attachment":[{"href":"https:\/\/reuniotecnicacrac.com\/es\/wp-json\/wp\/v2\/media?parent=1815"}],"curies":[{"name":"wp","href":"https:\/\/api.w.org\/{rel}","templated":true}]}}