{"id":531,"date":"2020-09-03T10:21:58","date_gmt":"2020-09-03T10:21:58","guid":{"rendered":"http:\/\/reuniotecnicacrac.com\/nova\/inici\/"},"modified":"2025-10-01T11:10:37","modified_gmt":"2025-10-01T10:10:37","slug":"inici","status":"publish","type":"page","link":"https:\/\/reuniotecnicacrac.com\/es\/","title":{"rendered":"INICIO"},"content":{"rendered":"<p><strong>La Asociaci\u00f3n profesional Conservadors-Restauradors Associats de Catalunya (CRAC) convoca la XVIII Reuni\u00f3n T\u00e9cnica de Conservaci\u00f3n-Restauraci\u00f3n, que tendr\u00e1 lugar en Barcelona, a lo largo de dos d\u00edas de noviembre de 2026.<\/strong><\/p>\n<h2>Tema de la Reuni\u00f3n T\u00e9cnica<\/h2>\n<p>La conservaci\u00f3n &#8211; restauraci\u00f3n entra de lleno en una nueva etapa marcada por la digitalizaci\u00f3n, el uso de tecnolog\u00edas emergentes y la aplicaci\u00f3n de Inteligencia Artificial. Frente a nuevos desaf\u00edos ambientales, sociales y materiales, la profesi\u00f3n afronta una profunda transformaci\u00f3n, donde las herramientas digitales y el an\u00e1lisis de datos se convierten en aliados fundamentales para preservar el patrimonio cultural.<\/p>\n<p>La incorporaci\u00f3n de la IA y las nuevas tecnolog\u00edas est\u00e1 revolucionando tanto el diagn\u00f3stico como la intervenci\u00f3n y la gesti\u00f3n del patrimonio. Este congreso quiere convertirse en un espacio de reflexi\u00f3n e intercambio sobre c\u00f3mo estas herramientas pueden contribuir a mejorar los procesos de conservaci\u00f3n y restauraci\u00f3n, promoviendo actuaciones m\u00e1s sostenibles a largo plazo. A su vez, se pretende explorar c\u00f3mo estas tecnolog\u00edas pueden generar nuevos conocimientos y abrir caminos innovadores en la interpretaci\u00f3n del patrimonio.<\/p>\n<p>La interdisciplinariedad y la colaboraci\u00f3n con cient\u00edficos, expertos en tecnolog\u00eda y conservadores-restauradores se convierte en un factor clave para este nuevo paradigma, el cual nos invita a redefinir metodolog\u00edas, ampliando los l\u00edmites de la disciplina y anticip\u00e1ndonos a cambios futuros.<\/p>\n<p>Esta XVIII Reuni\u00f3n T\u00e9cnica va dirigida a todos los profesionales de la conservaci\u00f3n &#8211; restauraci\u00f3n, as\u00ed como otros perfiles t\u00e9cnicos e investigadores interesados en el desarrollo de soluciones innovadoras para proteger el patrimonio cultural.<\/p>\n<p>\u00bfQu\u00e9 \u00e1mbitos pueden tener cabida en la Reuni\u00f3n?<\/p>\n<ul>\n<li>La aplicaci\u00f3n de la IA y el aprendizaje autom\u00e1tico en el an\u00e1lisis de materiales, diagn\u00f3stico y detecci\u00f3n de deterioros.<\/li>\n<li>Escaneo 3D, fotogrametr\u00eda, modelos digitales y recreaciones visuales con IA generativa.<\/li>\n<li>Rob\u00f3tica e impresi\u00f3n 3D aplicadas a intervenciones de conservaci\u00f3n &#8211; restauraci\u00f3n.<\/li>\n<li>Sistemas inteligentes de gesti\u00f3n de colecciones: monitoreo ambiental, bases de datos predictivas y mantenimiento automatizado.<\/li>\n<li>Tratamiento digital de documentaci\u00f3n t\u00e9cnica hist\u00f3rica con OCR y NLP.<\/li>\n<li>Nuevos modelos de gesti\u00f3n y toma de decisiones basadas en datos.<\/li>\n<li>Desarrollo de protocolos interdisciplinarios en contextos patrimoniales.<\/li>\n<li>Consideraciones \u00e9ticas y filos\u00f3ficas en la aplicaci\u00f3n de la IA.<\/li>\n<\/ul>\n<p>Este encuentro t\u00e9cnico quiere ser una ventana abierta para exponer trabajos de investigaci\u00f3n, proyectos aplicados, estudios de casos o desarrollos tecnol\u00f3gicos dentro del \u00e1mbito de la conservaci\u00f3n &#8211; restauraci\u00f3n.<\/p>\n<h2><strong>Bloques tem\u00e1ticos propuestos:<\/strong><\/h2>\n<ol>\n<li>Diagnosis y an\u00e1lisis del patrimonio.<\/li>\n<li>Tecnolog\u00edas emergentes aplicadas a la intervenci\u00f3n.<\/li>\n<li>Gesti\u00f3n inteligente de colecciones y entornos patrimoniales.<\/li>\n<\/ol>\n<h2><strong>Presentaci\u00f3n de comunicaciones orales y p\u00f3steres<\/strong><\/h2>\n<p>Los profesionales podr\u00e1n presentar sus aportaciones en formato comunicaci\u00f3n oral o p\u00f3steres, dentro de una sesi\u00f3n espec\u00edfica. Las personas interesadas tendr\u00e1n que enviar un resumen de m\u00e1ximo 750 palabras, siguiendo el modelo adjunto (formato Word), a la siguiente direcci\u00f3n de correo electr\u00f3nico: <strong>reuniotecnica@cracpatrimoni.com.<\/strong><\/p>\n<p>Desde CRAC os animamos a participar en esta convocatoria, donde se quiere destacar la innovaci\u00f3n tecnol\u00f3gica como herramienta esencial para la protecci\u00f3n de nuestro patrimonio. Es una oportunidad \u00fanica para compartir conocimientos, establecer sinergias y avanzar hacia una conservaci\u00f3n-restauraci\u00f3n m\u00e1s conectada, eficiente y preparada para los retos del siglo XXI.<\/p>\n","protected":false},"excerpt":{"rendered":"<p>La Asociaci\u00f3n profesional Conservadors-Restauradors Associats de Catalunya (CRAC) convoca la XVIII Reuni\u00f3n T\u00e9cnica de Conservaci\u00f3n-Restauraci\u00f3n, que tendr\u00e1 lugar en Barcelona, a lo largo de dos d\u00edas de noviembre de 2026. &#8230;<\/p>\n","protected":false},"author":1,"featured_media":0,"parent":0,"menu_order":0,"comment_status":"closed","ping_status":"closed","template":"front-page.php","meta":{"_acf_changed":false,"footnotes":""},"class_list":["post-531","page","type-page","status-publish","hentry"],"acf":[],"_links":{"self":[{"href":"https:\/\/reuniotecnicacrac.com\/es\/wp-json\/wp\/v2\/pages\/531","targetHints":{"allow":["GET"]}}],"collection":[{"href":"https:\/\/reuniotecnicacrac.com\/es\/wp-json\/wp\/v2\/pages"}],"about":[{"href":"https:\/\/reuniotecnicacrac.com\/es\/wp-json\/wp\/v2\/types\/page"}],"author":[{"embeddable":true,"href":"https:\/\/reuniotecnicacrac.com\/es\/wp-json\/wp\/v2\/users\/1"}],"replies":[{"embeddable":true,"href":"https:\/\/reuniotecnicacrac.com\/es\/wp-json\/wp\/v2\/comments?post=531"}],"version-history":[{"count":7,"href":"https:\/\/reuniotecnicacrac.com\/es\/wp-json\/wp\/v2\/pages\/531\/revisions"}],"predecessor-version":[{"id":2142,"href":"https:\/\/reuniotecnicacrac.com\/es\/wp-json\/wp\/v2\/pages\/531\/revisions\/2142"}],"wp:attachment":[{"href":"https:\/\/reuniotecnicacrac.com\/es\/wp-json\/wp\/v2\/media?parent=531"}],"curies":[{"name":"wp","href":"https:\/\/api.w.org\/{rel}","templated":true}]}}