{"id":538,"date":"2020-09-03T13:31:23","date_gmt":"2020-09-03T12:31:23","guid":{"rendered":"http:\/\/reuniotecnicacrac.com\/nova\/patrocinadors\/"},"modified":"2025-10-03T09:24:58","modified_gmt":"2025-10-03T08:24:58","slug":"patrocinadores","status":"publish","type":"page","link":"https:\/\/reuniotecnicacrac.com\/es\/el-congreso\/patrocinadores\/","title":{"rendered":"PATROCINADORES"},"content":{"rendered":"<p>La Reuni\u00f3n T\u00e9cnica no ser\u00eda posible sin la colaboraci\u00f3n del sector p\u00fablico y del privado. Gracias a las aportaciones econ\u00f3micas o de servicios y materiales puede organizarse este congreso, que ya celebra su XVII edici\u00f3n.<\/p>\n<p>Las aportaciones econ\u00f3micas se invierten principalmente en la publicaci\u00f3n de las actas del congreso, la traducci\u00f3n simult\u00e1nea de las comunicaciones orales, la elaboraci\u00f3n de elementos gr\u00e1ficos para la difusi\u00f3n, y la coordinaci\u00f3n del congreso. En esta ocasi\u00f3n, adem\u00e1s, se invertir\u00e1n tambi\u00e9n en la creaci\u00f3n de la plataforma digital que permitir\u00e1 el formato virtual del congreso.<\/p>\n<h1><strong>Esta XVII edici\u00f3n viene avalada por la experiencia positiva y el eco de las anteriores, que han sido referencia a nivel nacional. Las Reuniones T\u00e9cnicas permiten la formaci\u00f3n de los profesionales, contribuyen a dar a conocer a los ponentes y favorecen el contacto entre especialistas para formar equipos de trabajo.<\/strong><\/h1>\n<blockquote><p><strong>Contribuyendo en su organizaci\u00f3n y en su buen funcionamiento, est\u00e1s apoyando tambi\u00e9n a la difusi\u00f3n y el apoyo de la profesi\u00f3n, objetivos principales de la asociaci\u00f3n<\/strong><strong>.<br \/>\n<\/strong><\/p>\n<p><strong>Si eres una empresa o una entidad y quieres colaborar, contacta con nosotros y te informaremos del procedimiento a seguir para hacerte patrocinador.<\/strong><\/p>\n<p><em><a href=\"mailto:reuniotecnica@cracpatrimoni.com\">reuniotecnica@cracpatrimoni.com<\/a><\/em><\/p><\/blockquote>\n","protected":false},"excerpt":{"rendered":"<p>La Reuni\u00f3n T\u00e9cnica no ser\u00eda posible sin la colaboraci\u00f3n del sector p\u00fablico y del privado. Gracias a las aportaciones econ\u00f3micas o de servicios y materiales puede organizarse este congreso, que &#8230;<\/p>\n","protected":false},"author":1,"featured_media":0,"parent":545,"menu_order":0,"comment_status":"closed","ping_status":"closed","template":"page-patrocinadors.php","meta":{"_acf_changed":false,"footnotes":""},"class_list":["post-538","page","type-page","status-publish","hentry"],"acf":[],"_links":{"self":[{"href":"https:\/\/reuniotecnicacrac.com\/es\/wp-json\/wp\/v2\/pages\/538","targetHints":{"allow":["GET"]}}],"collection":[{"href":"https:\/\/reuniotecnicacrac.com\/es\/wp-json\/wp\/v2\/pages"}],"about":[{"href":"https:\/\/reuniotecnicacrac.com\/es\/wp-json\/wp\/v2\/types\/page"}],"author":[{"embeddable":true,"href":"https:\/\/reuniotecnicacrac.com\/es\/wp-json\/wp\/v2\/users\/1"}],"replies":[{"embeddable":true,"href":"https:\/\/reuniotecnicacrac.com\/es\/wp-json\/wp\/v2\/comments?post=538"}],"version-history":[{"count":18,"href":"https:\/\/reuniotecnicacrac.com\/es\/wp-json\/wp\/v2\/pages\/538\/revisions"}],"predecessor-version":[{"id":2237,"href":"https:\/\/reuniotecnicacrac.com\/es\/wp-json\/wp\/v2\/pages\/538\/revisions\/2237"}],"up":[{"embeddable":true,"href":"https:\/\/reuniotecnicacrac.com\/es\/wp-json\/wp\/v2\/pages\/545"}],"wp:attachment":[{"href":"https:\/\/reuniotecnicacrac.com\/es\/wp-json\/wp\/v2\/media?parent=538"}],"curies":[{"name":"wp","href":"https:\/\/api.w.org\/{rel}","templated":true}]}}