{"id":571,"date":"2020-09-03T13:30:46","date_gmt":"2020-09-03T13:30:46","guid":{"rendered":"http:\/\/reuniotecnicacrac.com\/nova\/comite\/"},"modified":"2023-10-10T09:21:29","modified_gmt":"2023-10-10T08:21:29","slug":"comite","status":"publish","type":"page","link":"https:\/\/reuniotecnicacrac.com\/es\/comite\/","title":{"rendered":"COMIT\u00c9"},"content":{"rendered":"<h1><strong>Comit\u00e9 organizador<\/strong><\/h1>\r\n<p><!-- \/wp:post-content -->\r\n\r\n<!-- wp:paragraph --><\/p>\r\n<p><strong>Junta de Conservadors Restauradors Associats de Catalunya (CRAC):<\/strong><\/p>\r\n<p>Merc\u00e8 Gual, Ramon Sol\u00e9, Marta Freixa, Carles Rib\u00f3, Esther Llorca, Guillem Massalles, Gl\u00f2ria Palomares, Gl\u00f2ria Burjons, Patricia Rebollo, Isabel Garcia.<\/p>\r\n<p><a href=\"https:\/\/cracpatrimoni.com\/es\/crac\/\" target=\"_blank\" rel=\"noopener noreferrer\"><strong><em><u>La asociaci\u00f3n. \u00bfQui\u00e9nes somos y qu\u00e9 hacemos?<\/u><\/em><\/strong><\/a><\/p>\r\n<!-- wp:separator {\"customColor\":\"#cdcdcd\",\"className\":\"is-style-wide\"} --><hr class=\"wp-block-separator has-text-color has-background is-style-wide\" style=\"background-color: #cdcdcd; color: #cdcdcd;\" \/><!-- \/wp:separator -->\r\n\r\n<!-- wp:group -->\r\n<div class=\"wp-block-group\">\r\n<div class=\"wp-block-group__inner-container\">\r\n<h1><strong>Comit\u00e9 cient\u00edfico<\/strong><\/h1>\r\n<p>&nbsp;<\/p>\r\n<p><strong>Silvia Garc\u00eda Fern\u00e1ndez-Villa<\/strong>, Doctora en Bellas Artes. Profesora del Departamento de Pintura y Conservaci\u00f3n-Restauraci\u00f3n de la Facultad de Bellas Artes de la Universidad Complutense de Madrid.<\/p>\r\n<p><strong>Esther Gual<\/strong>, conservadora-restauradora. Coordinadora del \u00e1rea de Arte Contempor\u00e1neo y del Departamento de servicios t\u00e9cnico-cient\u00edficos en el Centre de Restauraci\u00f3 de B\u00e9ns Mobles de Catalunya. Supervisora de la instalaci\u00f3n radioactiva en el CRBMC.<\/p>\r\n<p><strong>Rosina Herrera<\/strong>, Doctora en Ciencia y Restauraci\u00f3n de Patrimonio hist\u00f3rico-Art\u00edstico. Photograph Conservator al Rijksmuseum (Amsterdam).<\/p>\r\n<p><strong>Silvia Mar\u00edn<\/strong>, conservadora-restauradora y arque\u00f3loga. Profesora de conservaci\u00f3n-restauraci\u00f3n de bienes\u00a0arqueol\u00f3gicos en la ESCRBCC<\/p>\r\n<p><strong>Silvia Noguer<\/strong>, conservadora-restauradora. Responsable del Departamento de Conservaci\u00f3n-Restauraci\u00f3n del MACBA<\/p>\r\n<p><strong>Clara S\u00e1nchez-Dehesa<\/strong>, conservadora-restauradora. Coordinadora del programa de l\u2019Arxiu El\u00edas Querejeta Zine Eskola.<\/p>\r\n<p><strong>Carlota Santab\u00e1rbara<\/strong>, conservadora-restauradora, historiadora del arte y Doctora en conservaci\u00f3n de Arte Contempor\u00e1neo. Beca de investigaci\u00f3n en el Departamento de exposiciones del Museo Nacional Centro de Arte Reina Sof\u00eda.<\/p>\r\n<p><strong>Anna Vila<\/strong>, conservadora-restauradora y doctora en qu\u00edmica anal\u00edtica. Responsable de la conservaci\u00f3n-restauraci\u00f3n de la Colecci\u00f3n de Arte Contempor\u00e1neo de la Fundaci\u00f3n La Caixa y profesora de Conservaci\u00f3n Preventiva en el M\u00e1ster oficial en Archiv\u00edstica y Gesti\u00f3n de Documentos a la UAB.<\/p>\r\n<\/div>\r\n<\/div>\r\n<div class=\"wp-block-group\">\r\n<div class=\"wp-block-group__inner-container\">\r\n<p><strong>Maria Vila<\/strong>, conservadora-restauradora. T\u00e8cnica en Conservaci\u00f3n Preventiva en el Museu de Ci\u00e8ncies Naturals de Barcelona. Miembro de la comisi\u00f3n de Conservaci\u00f3n Preventiva de la Xarxa de Museus de Ci\u00e8ncies Naturals de Catalunya.<\/p>\r\n<p><strong>Marta Vila<\/strong>, conservadora-restauradora. Profesora asociada en el Departamento de Conservaci\u00f3n-Restauraci\u00f3n de la Facultad de Bellas Artes de la Universitat de Barcelona.<\/p>\r\n<p>&nbsp;<\/p>\r\n<\/div>\r\n<\/div>\r\n<!-- \/wp:group -->\r\n\r\n<!-- wp:separator {\"customColor\":\"#cdcdcd\",\"className\":\"is-style-wide\"} --><hr class=\"wp-block-separator has-text-color has-background is-style-wide\" style=\"background-color: #cdcdcd; color: #cdcdcd;\" \/><!-- \/wp:separator -->\r\n\r\n<!-- wp:heading {\"level\":1} -->\r\n<h1><strong>Coordinaci\u00f3n<\/strong><\/h1>\r\n<p><!-- \/wp:heading -->\r\n\r\n<!-- wp:paragraph --><\/p>\r\n<p>N\u00faria Piqu\u00e9<\/p>\r\n<p>&nbsp;<\/p>\r\n<hr class=\"wp-block-separator has-text-color has-background is-style-wide\" style=\"background-color: #cdcdcd; color: #cdcdcd;\" \/>\r\n<p><!-- \/wp:paragraph -->\r\n\r\n<!-- wp:heading {\"level\":1} --><\/p>\r\n<h1><strong>Secretario administrativo<\/strong><\/h1>\r\n<p><!-- \/wp:heading -->\r\n\r\n<!-- wp:paragraph --><\/p>\r\n<p>Patricio Bottos<\/p>\r\n<p>&nbsp;<\/p>\r\n<hr class=\"wp-block-separator has-text-color has-background is-style-wide\" style=\"background-color: #cdcdcd; color: #cdcdcd;\" \/>\r\n<p><!-- \/wp:paragraph -->\r\n\r\n<!-- wp:heading {\"level\":1} --><\/p>\r\n<h1><strong>Agradecimientos<\/strong><\/h1>\r\n<p><!-- \/wp:heading -->\r\n\r\n<!-- wp:paragraph --><\/p>\r\n<p>Anna Badia<\/p>\r\n<p>Raquel Castillo<\/p>\r\n<p>Gemma Edo<\/p>\r\n<p>Miriam Lozano<\/p>\r\n<p>Joan Pifarr\u00e9<\/p>\r\n<p>S\u00edlvia Vill\u00e0<\/p>\r\n<!-- \/wp:paragraph -->","protected":false},"excerpt":{"rendered":"<p>Comit\u00e9 organizador Junta de Conservadors Restauradors Associats de Catalunya (CRAC): Merc\u00e8 Gual, Ramon Sol\u00e9, Marta Freixa, Carles Rib\u00f3, Esther Llorca, Guillem Massalles, Gl\u00f2ria Palomares, Gl\u00f2ria Burjons, Patricia Rebollo, Isabel Garcia. &#8230;<\/p>\n","protected":false},"author":1,"featured_media":0,"parent":0,"menu_order":0,"comment_status":"closed","ping_status":"closed","template":"","meta":{"_acf_changed":false,"footnotes":""},"class_list":["post-571","page","type-page","status-publish","hentry"],"acf":[],"_links":{"self":[{"href":"https:\/\/reuniotecnicacrac.com\/es\/wp-json\/wp\/v2\/pages\/571","targetHints":{"allow":["GET"]}}],"collection":[{"href":"https:\/\/reuniotecnicacrac.com\/es\/wp-json\/wp\/v2\/pages"}],"about":[{"href":"https:\/\/reuniotecnicacrac.com\/es\/wp-json\/wp\/v2\/types\/page"}],"author":[{"embeddable":true,"href":"https:\/\/reuniotecnicacrac.com\/es\/wp-json\/wp\/v2\/users\/1"}],"replies":[{"embeddable":true,"href":"https:\/\/reuniotecnicacrac.com\/es\/wp-json\/wp\/v2\/comments?post=571"}],"version-history":[{"count":11,"href":"https:\/\/reuniotecnicacrac.com\/es\/wp-json\/wp\/v2\/pages\/571\/revisions"}],"predecessor-version":[{"id":1737,"href":"https:\/\/reuniotecnicacrac.com\/es\/wp-json\/wp\/v2\/pages\/571\/revisions\/1737"}],"wp:attachment":[{"href":"https:\/\/reuniotecnicacrac.com\/es\/wp-json\/wp\/v2\/media?parent=571"}],"curies":[{"name":"wp","href":"https:\/\/api.w.org\/{rel}","templated":true}]}}