{"id":581,"date":"2020-10-01T06:51:36","date_gmt":"2020-10-01T06:51:36","guid":{"rendered":"http:\/\/reuniotecnicacrac.com\/nova\/avis-legal\/"},"modified":"2024-01-23T13:49:41","modified_gmt":"2024-01-23T12:49:41","slug":"aviso-legal","status":"publish","type":"page","link":"https:\/\/reuniotecnicacrac.com\/es\/aviso-legal\/","title":{"rendered":"Aviso legal"},"content":{"rendered":"<p><strong>Objeto e Informaci\u00f3n General.<\/strong><\/p>\n<p>El presente Aviso Legal regula el acceso y uso de la p\u00e1gina web\u00a0<a href=\"http:\/\/reuniotecnicacrac.com\/\" target=\"_blank\" rel=\"noopener noreferrer\" data-saferedirecturl=\"https:\/\/www.google.com\/url?q=http:\/\/www.reuniotecnicacrac.com&amp;source=gmail&amp;ust=1601619871296000&amp;usg=AFQjCNEn6GnywPPp3hZ9Cv-bpxwoHRruFA\">www.reuniotecnicacrac.com<\/a><\/p>\n<p>(en adelante, \u201cla Web\u201d), que CRAC pone a disposici\u00f3n de los usuarios\/as, en su calidad de titular y gestora de las mismas. Los datos de CRAC son los siguientes:<\/p>\n<p>Denominaci\u00f3n: ASSOCIACI\u00d3 PROFESSIONAL \u201cCONSERVADORS-RESTAURADORS ASSOCIATS DE CATALUNYA\u201d (CRAC)<\/p>\n<ol>\n<li>IF: G-65953317<\/li>\n<\/ol>\n<p>Direcci\u00f3n: Passatge Escudellers, 5. 08002 Barcelona.<\/p>\n<p>Correo electr\u00f3nico:\u00a0<span id=\"cloak56713\"><a href=\"mailto:info@cracpatrimoni.com\">info@cracpatrimoni.com<\/a><\/span><\/p>\n<p>Inscrita en el Registro de Asociaciones: 51518<\/p>\n<p>Este Aviso Legal rige el acceso y uso de la Web. No obstante lo anterior, la utilizaci\u00f3n de espacios o servicios contenidos en la Web puede estar sujeta a otras condiciones de utilizaci\u00f3n. En este caso, deber\u00e1n cumplirse igualmente las condiciones que correspondan las cuales se informar\u00e1n debidamente.<\/p>\n<p>CRAC se reserva el derecho de en cualquier momento completar, modificar o sustituir el presente Aviso Legal, as\u00ed como cualesquiera otras condiciones generales o particulares, entendi\u00e9ndose que la mera publicaci\u00f3n de tales cambios en la Web tendr\u00e1 efectos de notificaci\u00f3n. Por ello, rogamos al Usuario\/a que las lea atentamente cada vez que acceda al Portal, absteni\u00e9ndose de hacer uso de la Web si no estuviera de acuerdo con cualquiera de las condiciones establecidas<strong>.<\/strong><\/p>\n<p><strong>Derechos y obligaciones del Usuario.<\/strong><\/p>\n<p>El acceso a la Web es responsabilidad exclusiva de los\/as Usuarios\/as, y supone aceptar y conocer las advertencias legales, condiciones y t\u00e9rminos de uso vigentes en cada momento, por lo que \u00e9stos deben leer atentamente el presente Aviso Legal siempre que accedan a la Web. La utilizaci\u00f3n de cualquiera de los servicios ofrecidos atribuye, desde su comienzo, la condici\u00f3n de Usuario\/a y ser\u00e1 considerada aceptaci\u00f3n expresa, voluntaria y sin reservas de este Aviso Legal.<\/p>\n<p>Para el acceso a los servicios de la Web, en todo lo que no tenga car\u00e1cter gratuito o imponga una serie de obligaciones, el\/la Usuario\/a deber\u00e1 ser mayor de edad y disponer de la capacidad legal y representaci\u00f3n necesaria para contratar.<\/p>\n<p>La utilizaci\u00f3n de los servicios ofrecidos en la Web implica que el \/la Usuario\/a ha aceptado cumplir con los requisitos de dichos servicios y el Aviso Legal de la Web.<\/p>\n<p>El\/La Usuario\/a que accede a la web se compromete a cumplir este Aviso Legal y las especiales instrucciones de uso que se les muestren en cada momento. Asimismo, se compromete a obrar siempre conforme a la Ley, a las buenas costumbres y con buena fe, empleando la diligencia adecuada a la naturaleza del servicio de que se trate. As\u00ed, el \/la Usuario\/a no podr\u00e1 efectuar modificaci\u00f3n ni alteraci\u00f3n alguna de los contenidos de la Web, a excepci\u00f3n de los datos que el\/la Usuario\/a haya introducido, ni perjudicar\u00e1 de forma alguna su integridad o funcionamiento.<\/p>\n<p>CRAC podr\u00e1 suprimir o suspender el acceso a la Web al\/la Usuario\/a que haya incumplido cualquiera de las obligaciones expresadas en este Aviso Legal. El\/La Usuario\/a que incumpla voluntariamente cualquiera de las precedentes obligaciones responder\u00e1 de todos los da\u00f1os y perjuicios que, como consecuencia de los mismos, cause a CRAC<strong>.<\/strong><\/p>\n<p><strong>Exclusi\u00f3n de Responsabilidad.<\/strong><\/p>\n<p>CRAC se reserva el derecho a interrumpir el acceso al Web, as\u00ed como la prestaci\u00f3n de cualquiera o de todos los Servicios que se prestan a trav\u00e9s del mismo en cualquier momento y sin previo aviso, ya sea por motivos t\u00e9cnicos, de seguridad, de control, de mantenimiento, por fallos de suministro el\u00e9ctrico o por cualquier otra causa.<\/p>\n<p>CRAC no se responsabiliza de las decisiones tomadas a partir de la informaci\u00f3n suministrada en la P\u00e1gina, ni de los da\u00f1os y perjuicios producidos en el\/la Usuario\/a derivados de dicha informaci\u00f3n.<\/p>\n<p>CRAC no se responsabiliza de los da\u00f1os y perjuicios de cualquier tipo producidos al\/la Usuario\/a derivados de fallos en la conexi\u00f3n a las redes de telecomunicaciones que produzcan la suspensi\u00f3n, cancelaci\u00f3n o interrupci\u00f3n del Servicio de la Web o por causas de Fuerza Mayor o Caso Fortuito.<\/p>\n<p><strong>Propiedad Intelectual e Industrial. Hiperenlaces<\/strong><\/p>\n<p>Todos los contenidos, marcas, dise\u00f1os, logotipos, iconos, software, nombres comerciales, nombres de dominio, y cualesquiera otros signos o elementos susceptibles de protecci\u00f3n por derecho de propiedad intelectual o industrial que formen parte de la Web son propiedad de CRAC o de dominio p\u00fablico o de terceros que han autorizado debidamente su inclusi\u00f3n en la misma y que figuran como autores o titulares de los derechos.<\/p>\n<p>En ning\u00fan caso se entender\u00e1 que se concede licencia alguna o se efect\u00faa renuncia, transmisi\u00f3n, cesi\u00f3n total o parcial de dichos derechos, ni se confiere ning\u00fan derecho, y en especial, de explotaci\u00f3n, reproducci\u00f3n, distribuci\u00f3n, transformaci\u00f3n o comunicaci\u00f3n p\u00fablica sobre dichos contenidos sin la previa autorizaci\u00f3n expresa y por escrito de CRAC o de los terceros correspondientes. Las violaciones de cualquiera de los derechos de propiedad intelectual o industrial a los que se refiere este apartado ser\u00e1n perseguidas mediante las acciones penales y civiles contempladas en la legislaci\u00f3n vigente.<\/p>\n<p>Los\/as Usuarios\/as y, en general, aquellas personas que se propongan establecer un hiperenlace entre su p\u00e1gina web y la Web (en adelante el \u201cHiperenlace\u201d) deber\u00e1n contar con la autorizaci\u00f3n expresa de CRAC y cumplir las condiciones siguientes:<\/p>\n<p>&#8211;\u00a0\u00a0\u00a0\u00a0\u00a0\u00a0\u00a0\u00a0\u00a0\u00a0El Hiperenlace \u00fanicamente permitir\u00e1 el acceso a la home-page o p\u00e1gina de inicio de la Web, o al punto concreto que autorice CRAC;<\/p>\n<p>&#8211;\u00a0\u00a0\u00a0\u00a0\u00a0\u00a0\u00a0\u00a0\u00a0\u00a0No se crear\u00e1 un frame sobre p\u00e1ginas web de la Web;<\/p>\n<p>&#8211;\u00a0\u00a0\u00a0\u00a0\u00a0\u00a0\u00a0\u00a0\u00a0\u00a0No se realizar\u00e1n manifestaciones o indicaciones falsas, inexactas o incorrectas sobre CRAC, sus directivos, personas y sus productos;<\/p>\n<p>&#8211;\u00a0\u00a0\u00a0\u00a0\u00a0\u00a0\u00a0\u00a0\u00a0\u00a0No se declarar\u00e1 ni se dar\u00e1 a entender que CRAC ha autorizado el Hiperenlace o que ha supervisado o asumido de cualquier forma los servicios ofrecidos o puestos a disposici\u00f3n de la p\u00e1gina web en la que se establece el Hiperenlace;<\/p>\n<p>&#8211;\u00a0\u00a0\u00a0\u00a0\u00a0\u00a0\u00a0\u00a0\u00a0\u00a0Excepci\u00f3n hecha de aquellos que formen parte del mismo Hiperenlace no contendr\u00e1 ninguna marca, nombre comercial, r\u00f3tulo de establecimiento, denominaci\u00f3n, logotipo, eslogan u otros signos distintivos pertenecientes a CRAC.<\/p>\n<p>&#8211;\u00a0\u00a0\u00a0\u00a0\u00a0\u00a0\u00a0\u00a0\u00a0\u00a0La p\u00e1gina web en la que se establezca el Hiperenlace no contendr\u00e1 informaciones o contenidos il\u00edcitos, contrarios a la moral y a las buenas costumbres generalmente aceptadas y al orden p\u00fablico, as\u00ed como tampoco contendr\u00e1 contenidos contrarios a cualesquiera derechos de terceros.<\/p>\n<p>El establecimiento del Hiperenlace no implica en ning\u00fan caso la existencia de relaciones entre CRAC y el propietario de la p\u00e1gina web en la que se establezca, ni la aceptaci\u00f3n y aprobaci\u00f3n por parte de CRAC de sus contenidos o servicios.<\/p>\n<p><strong>Protecci\u00f3n de datos.<\/strong><\/p>\n<p>CRAC cumple con la normativa sobre protecci\u00f3n de datos. En aquellos lugares de la Web donde se soliciten datos se informar\u00e1 debidamente de todo aquello exigido por dicha normativa al respecto.<\/p>\n<p>No se autoriza a la utilizaci\u00f3n de los datos de aquellos socios\/as que aparezcan en el Directorio para remitirles publicidad por ning\u00fan medio.<\/p>\n<p><strong>Cookies.<\/strong><\/p>\n<p>Se informa que en el programa de navegaci\u00f3n por Internet de los Usuarios\/as se puede administrar la aceptaci\u00f3n de cookies y, si as\u00ed lo desean, bloquearlas. La pol\u00edtica de cookies de CRAC es consultable en la Web.<\/p>\n<p><strong>\u00a0<\/strong><strong>Ley Aplicable.<\/strong><\/p>\n<p>El presente Aviso Legal se rige por la ley espa\u00f1ola. Para los casos en que la normativa prevea la posibilidad a las partes de someterse a un fuero, ambas partes, con renuncia expresa de cualquier otro que les pudiera corresponder, se someten a los Juzgados y Tribunales de la ciudad de Barcelona (Espa\u00f1a).<\/p>\n","protected":false},"excerpt":{"rendered":"<p>Objeto e Informaci\u00f3n General. El presente Aviso Legal regula el acceso y uso de la p\u00e1gina web\u00a0www.reuniotecnicacrac.com (en adelante, \u201cla Web\u201d), que CRAC pone a disposici\u00f3n de los usuarios\/as, en &#8230;<\/p>\n","protected":false},"author":1,"featured_media":0,"parent":0,"menu_order":0,"comment_status":"closed","ping_status":"closed","template":"","meta":{"_acf_changed":false,"footnotes":""},"class_list":["post-581","page","type-page","status-publish","hentry"],"acf":[],"_links":{"self":[{"href":"https:\/\/reuniotecnicacrac.com\/es\/wp-json\/wp\/v2\/pages\/581","targetHints":{"allow":["GET"]}}],"collection":[{"href":"https:\/\/reuniotecnicacrac.com\/es\/wp-json\/wp\/v2\/pages"}],"about":[{"href":"https:\/\/reuniotecnicacrac.com\/es\/wp-json\/wp\/v2\/types\/page"}],"author":[{"embeddable":true,"href":"https:\/\/reuniotecnicacrac.com\/es\/wp-json\/wp\/v2\/users\/1"}],"replies":[{"embeddable":true,"href":"https:\/\/reuniotecnicacrac.com\/es\/wp-json\/wp\/v2\/comments?post=581"}],"version-history":[{"count":4,"href":"https:\/\/reuniotecnicacrac.com\/es\/wp-json\/wp\/v2\/pages\/581\/revisions"}],"predecessor-version":[{"id":2104,"href":"https:\/\/reuniotecnicacrac.com\/es\/wp-json\/wp\/v2\/pages\/581\/revisions\/2104"}],"wp:attachment":[{"href":"https:\/\/reuniotecnicacrac.com\/es\/wp-json\/wp\/v2\/media?parent=581"}],"curies":[{"name":"wp","href":"https:\/\/api.w.org\/{rel}","templated":true}]}}